{"id":286,"date":"2021-10-25T03:32:03","date_gmt":"2021-10-25T03:32:03","guid":{"rendered":"https:\/\/livinglab.younglivingacademy.edu.ec\/?page_id=286"},"modified":"2022-03-02T16:02:48","modified_gmt":"2022-03-02T16:02:48","slug":"philodendron","status":"publish","type":"page","link":"https:\/\/livinglab.younglivingacademy.edu.ec\/en\/especies-de-bosque-humedo\/philodendron\/","title":{"rendered":"Philodendron"},"content":{"rendered":"<div id=\"white-text\" class=\"vc_row wpb_row vc_row-fluid white-text vc_custom_1634656485169 vc_row-has-fill\"><div class=\"wpb_column vc_column_container vc_col-sm-12\"><div class=\"vc_column-inner vc_custom_1634132864946\"><div class=\"wpb_wrapper\">\n\t<div class=\"wpb_text_column wpb_content_element\" >\n\t\t<div class=\"wpb_wrapper\">\n\t\t\t<h1 style=\"text-align: center; letter-spacing: 0.2em;\"><span style=\"font-family: gt;\">Philodendron<\/span><\/h1>\n<h3 style=\"text-align: center; letter-spacing: 0.1em;\"><em><span style=\"font-family: gt;\">Philodendron bipinnatifidum<\/span><\/em><\/h3>\n\n\t\t<\/div>\n\t<\/div>\n<\/div><\/div><\/div><\/div><div class=\"vc_row wpb_row vc_row-fluid vc_custom_1634091121417\"><div class=\"wpb_column vc_column_container vc_col-sm-2\/5\"><div class=\"vc_column-inner\"><div class=\"wpb_wrapper\">\n\t<div  class=\"wpb_single_image wpb_content_element vc_align_center\">\n\t\t\n\t\t<figure class=\"wpb_wrapper vc_figure\">\n\t\t\t<a class=\"\" data-lightbox=\"lightbox[rel-286-286277004]\" href=\"https:\/\/livinglab.younglivingacademy.edu.ec\/wp-content\/uploads\/2021\/10\/Philodendron-1024x683.jpg\" target=\"_self\"><img loading=\"lazy\" decoding=\"async\" width=\"2451\" height=\"1634\" src=\"https:\/\/livinglab.younglivingacademy.edu.ec\/wp-content\/uploads\/2021\/10\/Philodendron.jpg\" class=\"vc_single_image-img attachment-full\" alt=\"\" srcset=\"https:\/\/livinglab.younglivingacademy.edu.ec\/wp-content\/uploads\/2021\/10\/Philodendron.jpg 2451w, https:\/\/livinglab.younglivingacademy.edu.ec\/wp-content\/uploads\/2021\/10\/Philodendron-300x200.jpg 300w, https:\/\/livinglab.younglivingacademy.edu.ec\/wp-content\/uploads\/2021\/10\/Philodendron-1024x683.jpg 1024w, https:\/\/livinglab.younglivingacademy.edu.ec\/wp-content\/uploads\/2021\/10\/Philodendron-768x512.jpg 768w, https:\/\/livinglab.younglivingacademy.edu.ec\/wp-content\/uploads\/2021\/10\/Philodendron-1536x1024.jpg 1536w, https:\/\/livinglab.younglivingacademy.edu.ec\/wp-content\/uploads\/2021\/10\/Philodendron-2048x1365.jpg 2048w\" sizes=\"auto, (max-width: 2451px) 100vw, 2451px\" \/><\/a>\n\t\t<\/figure>\n\t<\/div>\n<\/div><\/div><\/div><div class=\"wpb_column vc_column_container vc_col-sm-3\/5\"><div class=\"vc_column-inner\"><div class=\"wpb_wrapper\">\n\t<div class=\"wpb_text_column wpb_content_element\" >\n\t\t<div class=\"wpb_wrapper\">\n\t\t\t<p><strong>Description<\/strong><br \/>\nIt belongs to the family of the Araceae and can be considered one of the simplest to cultivate in interior, since it includes around 120 species in general very tolerant to neglects, very adaptable and decorative. There is a great number of varieties in cultivation and many hybrids have been commercialized nowadays.\n\nAll parts of the plant are poisonous, due to the presence of calcium oxalate in the form of crystals.\n\nThe most relevant use of this plant is ornamental.<\/p>\n<p><strong>Ornamental use<\/strong><br \/>\nMany are cultivated as ornamental and indoor plants. Many species are able to climb on other plants, or to climb tree trunks with the help of aerial roots.<\/p>\n<p><strong>Cultivation<\/strong><br \/>\nFlowering rarely occurs in home-grown species, and it is very difficult to indicate the time of flowering, as this is conditioned by many factors, such as age of the plant, degree of light and heat, and so on.\nThey can bear fruit in the form of fleshy berry; they ripen only in greenhouses or in the countries of origin.\n\nThey multiply by cuttings, planting the stem pieces in sandy soil, in the shade and better under a plastic bell; it is also easy to multiply them by cutting the \"head\" of the plant, when the lower part of the stem appears leafless, and planting it in sandy soil; philodendrons also multiply quickly by hydrocultivation.<\/p>\n\n\t\t<\/div>\n\t<\/div>\n<\/div><\/div><\/div><\/div><div id=\"visita\" class=\"vc_row wpb_row vc_row-fluid vc_custom_1634070825739 vc_row-has-fill\"><div class=\"wpb_column vc_column_container vc_col-sm-12 vc_hidden-lg vc_hidden-md vc_hidden-sm vc_hidden-xs\"><div class=\"vc_column-inner\"><div class=\"wpb_wrapper\">\n\t<div class=\"wpb_text_column wpb_content_element\" >\n\t\t<div class=\"wpb_wrapper\">\n\t\t\t<p>Would you like to visit the Living Lab Young Living Academy?<\/p>\n<p>We invite schools to visit this valuable Young Living Academy space.<\/p>\n<p>To coordinate a visit, please send an email to info@fundacionyoungliving.org<\/p>\n\n\t\t<\/div>\n\t<\/div>\n<\/div><\/div><\/div><\/div>","protected":false},"excerpt":{"rendered":"Philodendron Philodendron bipinnatifidum Descripci\u00f3n Pertenece a la familia de las ar\u00e1ceas y puede considerarse uno de los m\u00e1s sencillos de cultivar en interior, ya que engloba alrededor de 120 especies\u2026","protected":false},"author":1,"featured_media":0,"parent":231,"menu_order":0,"comment_status":"closed","ping_status":"closed","template":"page-templates\/template-sinatra-fullwidth.php","meta":{"footnotes":""},"class_list":["post-286","page","type-page","status-publish","hentry"],"yoast_head":"<!-- This site is optimized with the Yoast SEO plugin v26.9 - https:\/\/yoast.com\/product\/yoast-seo-wordpress\/ -->\n<title>Philodendron - Living Lab<\/title>\n<meta name=\"robots\" content=\"index, follow, max-snippet:-1, max-image-preview:large, max-video-preview:-1\" \/>\n<link rel=\"canonical\" href=\"https:\/\/livinglab.younglivingacademy.edu.ec\/en\/especies-de-bosque-humedo\/philodendron\/\" \/>\n<meta property=\"og:locale\" content=\"en_US\" \/>\n<meta property=\"og:type\" content=\"article\" \/>\n<meta property=\"og:title\" content=\"Philodendron - Living Lab\" \/>\n<meta property=\"og:url\" content=\"https:\/\/livinglab.younglivingacademy.edu.ec\/en\/especies-de-bosque-humedo\/philodendron\/\" \/>\n<meta property=\"og:site_name\" content=\"Living Lab\" \/>\n<meta property=\"article:modified_time\" content=\"2022-03-02T16:02:48+00:00\" \/>\n<meta name=\"twitter:card\" content=\"summary_large_image\" \/>\n<meta name=\"twitter:label1\" content=\"Est. reading time\" \/>\n\t<meta name=\"twitter:data1\" content=\"1 minute\" \/>\n<script type=\"application\/ld+json\" class=\"yoast-schema-graph\">{\"@context\":\"https:\/\/schema.org\",\"@graph\":[{\"@type\":\"WebPage\",\"@id\":\"https:\/\/livinglab.younglivingacademy.edu.ec\/en\/especies-de-bosque-humedo\/philodendron\/\",\"url\":\"https:\/\/livinglab.younglivingacademy.edu.ec\/en\/especies-de-bosque-humedo\/philodendron\/\",\"name\":\"Philodendron - Living Lab\",\"isPartOf\":{\"@id\":\"https:\/\/livinglab.younglivingacademy.edu.ec\/#website\"},\"datePublished\":\"2021-10-25T03:32:03+00:00\",\"dateModified\":\"2022-03-02T16:02:48+00:00\",\"breadcrumb\":{\"@id\":\"https:\/\/livinglab.younglivingacademy.edu.ec\/en\/especies-de-bosque-humedo\/philodendron\/#breadcrumb\"},\"inLanguage\":\"en-US\",\"potentialAction\":[{\"@type\":\"ReadAction\",\"target\":[\"https:\/\/livinglab.younglivingacademy.edu.ec\/en\/especies-de-bosque-humedo\/philodendron\/\"]}]},{\"@type\":\"BreadcrumbList\",\"@id\":\"https:\/\/livinglab.younglivingacademy.edu.ec\/en\/especies-de-bosque-humedo\/philodendron\/#breadcrumb\",\"itemListElement\":[{\"@type\":\"ListItem\",\"position\":1,\"name\":\"Home\",\"item\":\"https:\/\/livinglab.younglivingacademy.edu.ec\/\"},{\"@type\":\"ListItem\",\"position\":2,\"name\":\"Especies de Bosque H\u00famedo\",\"item\":\"https:\/\/livinglab.younglivingacademy.edu.ec\/especies-de-bosque-humedo\/\"},{\"@type\":\"ListItem\",\"position\":3,\"name\":\"Philodendron\"}]},{\"@type\":\"WebSite\",\"@id\":\"https:\/\/livinglab.younglivingacademy.edu.ec\/#website\",\"url\":\"https:\/\/livinglab.younglivingacademy.edu.ec\/\",\"name\":\"Living Lab\",\"description\":\"Living Lab Young Living Academy\",\"publisher\":{\"@id\":\"https:\/\/livinglab.younglivingacademy.edu.ec\/#organization\"},\"potentialAction\":[{\"@type\":\"SearchAction\",\"target\":{\"@type\":\"EntryPoint\",\"urlTemplate\":\"https:\/\/livinglab.younglivingacademy.edu.ec\/?s={search_term_string}\"},\"query-input\":{\"@type\":\"PropertyValueSpecification\",\"valueRequired\":true,\"valueName\":\"search_term_string\"}}],\"inLanguage\":\"en-US\"},{\"@type\":\"Organization\",\"@id\":\"https:\/\/livinglab.younglivingacademy.edu.ec\/#organization\",\"name\":\"Living Lab\",\"url\":\"https:\/\/livinglab.younglivingacademy.edu.ec\/\",\"logo\":{\"@type\":\"ImageObject\",\"inLanguage\":\"en-US\",\"@id\":\"https:\/\/livinglab.younglivingacademy.edu.ec\/#\/schema\/logo\/image\/\",\"url\":\"https:\/\/livinglab.younglivingacademy.edu.ec\/wp-content\/uploads\/2021\/10\/YLA-logoblack.png\",\"contentUrl\":\"https:\/\/livinglab.younglivingacademy.edu.ec\/wp-content\/uploads\/2021\/10\/YLA-logoblack.png\",\"width\":712,\"height\":268,\"caption\":\"Living Lab\"},\"image\":{\"@id\":\"https:\/\/livinglab.younglivingacademy.edu.ec\/#\/schema\/logo\/image\/\"}}]}<\/script>\n<!-- \/ Yoast SEO plugin. -->","yoast_head_json":{"title":"Philodendron - Living Lab","robots":{"index":"index","follow":"follow","max-snippet":"max-snippet:-1","max-image-preview":"max-image-preview:large","max-video-preview":"max-video-preview:-1"},"canonical":"https:\/\/livinglab.younglivingacademy.edu.ec\/en\/especies-de-bosque-humedo\/philodendron\/","og_locale":"en_US","og_type":"article","og_title":"Philodendron - Living Lab","og_url":"https:\/\/livinglab.younglivingacademy.edu.ec\/en\/especies-de-bosque-humedo\/philodendron\/","og_site_name":"Living Lab","article_modified_time":"2022-03-02T16:02:48+00:00","twitter_card":"summary_large_image","twitter_misc":{"Est. reading time":"1 minute"},"schema":{"@context":"https:\/\/schema.org","@graph":[{"@type":"WebPage","@id":"https:\/\/livinglab.younglivingacademy.edu.ec\/en\/especies-de-bosque-humedo\/philodendron\/","url":"https:\/\/livinglab.younglivingacademy.edu.ec\/en\/especies-de-bosque-humedo\/philodendron\/","name":"Philodendron - Living Lab","isPartOf":{"@id":"https:\/\/livinglab.younglivingacademy.edu.ec\/#website"},"datePublished":"2021-10-25T03:32:03+00:00","dateModified":"2022-03-02T16:02:48+00:00","breadcrumb":{"@id":"https:\/\/livinglab.younglivingacademy.edu.ec\/en\/especies-de-bosque-humedo\/philodendron\/#breadcrumb"},"inLanguage":"en-US","potentialAction":[{"@type":"ReadAction","target":["https:\/\/livinglab.younglivingacademy.edu.ec\/en\/especies-de-bosque-humedo\/philodendron\/"]}]},{"@type":"BreadcrumbList","@id":"https:\/\/livinglab.younglivingacademy.edu.ec\/en\/especies-de-bosque-humedo\/philodendron\/#breadcrumb","itemListElement":[{"@type":"ListItem","position":1,"name":"Home","item":"https:\/\/livinglab.younglivingacademy.edu.ec\/"},{"@type":"ListItem","position":2,"name":"Especies de Bosque H\u00famedo","item":"https:\/\/livinglab.younglivingacademy.edu.ec\/especies-de-bosque-humedo\/"},{"@type":"ListItem","position":3,"name":"Philodendron"}]},{"@type":"WebSite","@id":"https:\/\/livinglab.younglivingacademy.edu.ec\/#website","url":"https:\/\/livinglab.younglivingacademy.edu.ec\/","name":"Living Lab","description":"Living Lab Young Living Academy","publisher":{"@id":"https:\/\/livinglab.younglivingacademy.edu.ec\/#organization"},"potentialAction":[{"@type":"SearchAction","target":{"@type":"EntryPoint","urlTemplate":"https:\/\/livinglab.younglivingacademy.edu.ec\/?s={search_term_string}"},"query-input":{"@type":"PropertyValueSpecification","valueRequired":true,"valueName":"search_term_string"}}],"inLanguage":"en-US"},{"@type":"Organization","@id":"https:\/\/livinglab.younglivingacademy.edu.ec\/#organization","name":"Living Lab","url":"https:\/\/livinglab.younglivingacademy.edu.ec\/","logo":{"@type":"ImageObject","inLanguage":"en-US","@id":"https:\/\/livinglab.younglivingacademy.edu.ec\/#\/schema\/logo\/image\/","url":"https:\/\/livinglab.younglivingacademy.edu.ec\/wp-content\/uploads\/2021\/10\/YLA-logoblack.png","contentUrl":"https:\/\/livinglab.younglivingacademy.edu.ec\/wp-content\/uploads\/2021\/10\/YLA-logoblack.png","width":712,"height":268,"caption":"Living Lab"},"image":{"@id":"https:\/\/livinglab.younglivingacademy.edu.ec\/#\/schema\/logo\/image\/"}}]}},"_links":{"self":[{"href":"https:\/\/livinglab.younglivingacademy.edu.ec\/en\/wp-json\/wp\/v2\/pages\/286","targetHints":{"allow":["GET"]}}],"collection":[{"href":"https:\/\/livinglab.younglivingacademy.edu.ec\/en\/wp-json\/wp\/v2\/pages"}],"about":[{"href":"https:\/\/livinglab.younglivingacademy.edu.ec\/en\/wp-json\/wp\/v2\/types\/page"}],"author":[{"embeddable":true,"href":"https:\/\/livinglab.younglivingacademy.edu.ec\/en\/wp-json\/wp\/v2\/users\/1"}],"replies":[{"embeddable":true,"href":"https:\/\/livinglab.younglivingacademy.edu.ec\/en\/wp-json\/wp\/v2\/comments?post=286"}],"version-history":[{"count":3,"href":"https:\/\/livinglab.younglivingacademy.edu.ec\/en\/wp-json\/wp\/v2\/pages\/286\/revisions"}],"predecessor-version":[{"id":430,"href":"https:\/\/livinglab.younglivingacademy.edu.ec\/en\/wp-json\/wp\/v2\/pages\/286\/revisions\/430"}],"up":[{"embeddable":true,"href":"https:\/\/livinglab.younglivingacademy.edu.ec\/en\/wp-json\/wp\/v2\/pages\/231"}],"wp:attachment":[{"href":"https:\/\/livinglab.younglivingacademy.edu.ec\/en\/wp-json\/wp\/v2\/media?parent=286"}],"curies":[{"name":"wp","href":"https:\/\/api.w.org\/{rel}","templated":true}]}}