{"id":319,"date":"2021-10-25T04:24:58","date_gmt":"2021-10-25T04:24:58","guid":{"rendered":"https:\/\/livinglab.younglivingacademy.edu.ec\/?page_id=319"},"modified":"2023-09-19T20:23:08","modified_gmt":"2023-09-19T20:23:08","slug":"arboles-nativos","status":"publish","type":"page","link":"https:\/\/livinglab.younglivingacademy.edu.ec\/en\/arboles-nativos\/","title":{"rendered":"Native trees"},"content":{"rendered":"<div class=\"vc_row wpb_row vc_row-fluid vc_custom_1634128791074 vc_row-has-fill\"><div class=\"wpb_column vc_column_container vc_col-sm-12\"><div class=\"vc_column-inner\"><div class=\"wpb_wrapper\">\n\t<div class=\"wpb_text_column wpb_content_element  vc_custom_1635136019440\" >\n\t\t<div class=\"wpb_wrapper\">\n\t\t\t<h1 style=\"text-align: center; letter-spacing: 0.2em;\"><span style=\"color: #ffffff; font-family: gt;\">Native trees<\/span><\/h1>\n\n\t\t<\/div>\n\t<\/div>\n<div class=\"vc_row wpb_row vc_inner vc_row-fluid\"><div class=\"wpb_column vc_column_container vc_col-sm-12\"><div class=\"vc_column-inner\"><div class=\"wpb_wrapper\">\n\t<div class=\"wpb_text_column wpb_content_element  vc_custom_1635137339990\" >\n\t\t<div class=\"wpb_wrapper\">\n\t\t\t<p style=\"text-align: center;\"><span style=\"font-family: gt; color: #ffffff;\">A native species is a specie that belongs to a certain region or ecosystem. Its presence in that region is the result of natural phenomena without human intervention (past or current).<\/span><\/p>\n\n\t\t<\/div>\n\t<\/div>\n<\/div><\/div><\/div><\/div><\/div><\/div><\/div><\/div><div class=\"vc_row wpb_row vc_row-fluid vc_custom_1634091121417\"><div class=\"wpb_column vc_column_container vc_col-sm-12\"><div class=\"vc_column-inner\"><div class=\"wpb_wrapper\"><div class=\"vc_row wpb_row vc_inner vc_row-fluid\"><div class=\"wpb_column vc_column_container vc_col-sm-3\"><div class=\"vc_column-inner\"><div class=\"wpb_wrapper\">\n\t<div  class=\"wpb_single_image wpb_content_element vc_align_center\">\n\t\t\n\t\t<figure class=\"wpb_wrapper vc_figure\">\n\t\t\t<div class=\"vc_single_image-wrapper   vc_box_border_grey\"><img loading=\"lazy\" decoding=\"async\" width=\"300\" height=\"300\" src=\"https:\/\/livinglab.younglivingacademy.edu.ec\/wp-content\/uploads\/2021\/10\/guarumo-copy-300x300.jpg\" class=\"vc_single_image-img attachment-medium\" alt=\"\" srcset=\"https:\/\/livinglab.younglivingacademy.edu.ec\/wp-content\/uploads\/2021\/10\/guarumo-copy-300x300.jpg 300w, https:\/\/livinglab.younglivingacademy.edu.ec\/wp-content\/uploads\/2021\/10\/guarumo-copy-150x150.jpg 150w, https:\/\/livinglab.younglivingacademy.edu.ec\/wp-content\/uploads\/2021\/10\/guarumo-copy.jpg 474w\" sizes=\"auto, (max-width: 300px) 100vw, 300px\" \/><\/div>\n\t\t<\/figure>\n\t<\/div>\n<div class=\"vc_btn3-container  gt vc_btn3-center vc_custom_1635140363794\" ><a class=\"vc_general vc_btn3 vc_btn3-size-lg vc_btn3-shape-rounded vc_btn3-style-flat vc_btn3-icon-left vc_btn3-color-info\" href=\"https:\/\/livinglab.younglivingacademy.edu.ec\/en\/arboles-nativos\/guarumo\/\" title=\"Guarumo\"><i class=\"vc_btn3-icon fab fa-pagelines\"><\/i> Guarumo<\/a><\/div><\/div><\/div><\/div><div class=\"wpb_column vc_column_container vc_col-sm-3\"><div class=\"vc_column-inner\"><div class=\"wpb_wrapper\">\n\t<div  class=\"wpb_single_image wpb_content_element vc_align_center\">\n\t\t\n\t\t<figure class=\"wpb_wrapper vc_figure\">\n\t\t\t<div class=\"vc_single_image-wrapper   vc_box_border_grey\"><img loading=\"lazy\" decoding=\"async\" width=\"300\" height=\"300\" src=\"https:\/\/livinglab.younglivingacademy.edu.ec\/wp-content\/uploads\/2021\/10\/ebano-copy-300x300.jpg\" class=\"vc_single_image-img attachment-medium\" alt=\"\" srcset=\"https:\/\/livinglab.younglivingacademy.edu.ec\/wp-content\/uploads\/2021\/10\/ebano-copy-300x300.jpg 300w, https:\/\/livinglab.younglivingacademy.edu.ec\/wp-content\/uploads\/2021\/10\/ebano-copy-150x150.jpg 150w, https:\/\/livinglab.younglivingacademy.edu.ec\/wp-content\/uploads\/2021\/10\/ebano-copy-768x768.jpg 768w, https:\/\/livinglab.younglivingacademy.edu.ec\/wp-content\/uploads\/2021\/10\/ebano-copy.jpg 783w\" sizes=\"auto, (max-width: 300px) 100vw, 300px\" \/><\/div>\n\t\t<\/figure>\n\t<\/div>\n<div class=\"vc_btn3-container  gt vc_btn3-center vc_custom_1635141599356\" ><a class=\"vc_general vc_btn3 vc_btn3-size-lg vc_btn3-shape-rounded vc_btn3-style-flat vc_btn3-icon-left vc_btn3-color-info\" href=\"https:\/\/livinglab.younglivingacademy.edu.ec\/en\/arboles-nativos\/ebano\/\" title=\"\u00c9bano\"><i class=\"vc_btn3-icon fab fa-pagelines\"><\/i> \u00c9bano<\/a><\/div><\/div><\/div><\/div><div class=\"wpb_column vc_column_container vc_col-sm-3\"><div class=\"vc_column-inner\"><div class=\"wpb_wrapper\">\n\t<div  class=\"wpb_single_image wpb_content_element vc_align_center\">\n\t\t\n\t\t<figure class=\"wpb_wrapper vc_figure\">\n\t\t\t<div class=\"vc_single_image-wrapper   vc_box_border_grey\"><img loading=\"lazy\" decoding=\"async\" width=\"300\" height=\"297\" src=\"https:\/\/livinglab.younglivingacademy.edu.ec\/wp-content\/uploads\/2021\/10\/guayacan-2-300x297.png\" class=\"vc_single_image-img attachment-medium\" alt=\"\" srcset=\"https:\/\/livinglab.younglivingacademy.edu.ec\/wp-content\/uploads\/2021\/10\/guayacan-2-300x297.png 300w, https:\/\/livinglab.younglivingacademy.edu.ec\/wp-content\/uploads\/2021\/10\/guayacan-2-150x150.png 150w, https:\/\/livinglab.younglivingacademy.edu.ec\/wp-content\/uploads\/2021\/10\/guayacan-2.png 517w\" sizes=\"auto, (max-width: 300px) 100vw, 300px\" \/><\/div>\n\t\t<\/figure>\n\t<\/div>\n<div class=\"vc_btn3-container  gt vc_btn3-center vc_custom_1635141933806\" ><a class=\"vc_general vc_btn3 vc_btn3-size-lg vc_btn3-shape-rounded vc_btn3-style-flat vc_btn3-icon-left vc_btn3-color-info\" href=\"https:\/\/livinglab.younglivingacademy.edu.ec\/en\/arboles-nativos\/guayacan\/\" title=\"Guayac\u00e1n\"><i class=\"vc_btn3-icon fab fa-pagelines\"><\/i> Guayac\u00e1n<\/a><\/div><\/div><\/div><\/div><div class=\"wpb_column vc_column_container vc_col-sm-3\"><div class=\"vc_column-inner\"><div class=\"wpb_wrapper\">\n\t<div  class=\"wpb_single_image wpb_content_element vc_align_center\">\n\t\t\n\t\t<figure class=\"wpb_wrapper vc_figure\">\n\t\t\t<div class=\"vc_single_image-wrapper   vc_box_border_grey\"><img loading=\"lazy\" decoding=\"async\" width=\"300\" height=\"300\" src=\"https:\/\/livinglab.younglivingacademy.edu.ec\/wp-content\/uploads\/2021\/10\/roble-copy-300x300.jpg\" class=\"vc_single_image-img attachment-medium\" alt=\"\" srcset=\"https:\/\/livinglab.younglivingacademy.edu.ec\/wp-content\/uploads\/2021\/10\/roble-copy-300x300.jpg 300w, https:\/\/livinglab.younglivingacademy.edu.ec\/wp-content\/uploads\/2021\/10\/roble-copy-1024x1024.jpg 1024w, https:\/\/livinglab.younglivingacademy.edu.ec\/wp-content\/uploads\/2021\/10\/roble-copy-150x150.jpg 150w, https:\/\/livinglab.younglivingacademy.edu.ec\/wp-content\/uploads\/2021\/10\/roble-copy-768x768.jpg 768w, https:\/\/livinglab.younglivingacademy.edu.ec\/wp-content\/uploads\/2021\/10\/roble-copy.jpg 1184w\" sizes=\"auto, (max-width: 300px) 100vw, 300px\" \/><\/div>\n\t\t<\/figure>\n\t<\/div>\n<div class=\"vc_btn3-container  gt vc_btn3-center vc_custom_1635142528627\" ><a class=\"vc_general vc_btn3 vc_btn3-size-lg vc_btn3-shape-rounded vc_btn3-style-flat vc_btn3-icon-left vc_btn3-color-info\" href=\"https:\/\/livinglab.younglivingacademy.edu.ec\/en\/arboles-nativos\/roble\/\" title=\"Roble\"><i class=\"vc_btn3-icon fab fa-pagelines\"><\/i> Roble<\/a><\/div><\/div><\/div><\/div><\/div><div class=\"vc_row wpb_row vc_inner vc_row-fluid vc_custom_1634092905071\"><div class=\"wpb_column vc_column_container vc_col-sm-3\"><div class=\"vc_column-inner\"><div class=\"wpb_wrapper\">\n\t<div  class=\"wpb_single_image wpb_content_element vc_align_center\">\n\t\t\n\t\t<figure class=\"wpb_wrapper vc_figure\">\n\t\t\t<div class=\"vc_single_image-wrapper   vc_box_border_grey\"><img loading=\"lazy\" decoding=\"async\" width=\"300\" height=\"300\" src=\"https:\/\/livinglab.younglivingacademy.edu.ec\/wp-content\/uploads\/2021\/10\/tecoma-copy-300x300.jpg\" class=\"vc_single_image-img attachment-medium\" alt=\"\" srcset=\"https:\/\/livinglab.younglivingacademy.edu.ec\/wp-content\/uploads\/2021\/10\/tecoma-copy-300x300.jpg 300w, https:\/\/livinglab.younglivingacademy.edu.ec\/wp-content\/uploads\/2021\/10\/tecoma-copy-1024x1024.jpg 1024w, https:\/\/livinglab.younglivingacademy.edu.ec\/wp-content\/uploads\/2021\/10\/tecoma-copy-150x150.jpg 150w, https:\/\/livinglab.younglivingacademy.edu.ec\/wp-content\/uploads\/2021\/10\/tecoma-copy-768x768.jpg 768w, https:\/\/livinglab.younglivingacademy.edu.ec\/wp-content\/uploads\/2021\/10\/tecoma-copy.jpg 1403w\" sizes=\"auto, (max-width: 300px) 100vw, 300px\" \/><\/div>\n\t\t<\/figure>\n\t<\/div>\n<div class=\"vc_btn3-container  gt vc_btn3-center vc_custom_1635142875528\" ><a class=\"vc_general vc_btn3 vc_btn3-size-lg vc_btn3-shape-rounded vc_btn3-style-flat vc_btn3-icon-left vc_btn3-color-info\" href=\"https:\/\/livinglab.younglivingacademy.edu.ec\/en\/arboles-nativos\/tecoma\/\" title=\"T\u00e9coma\"><i class=\"vc_btn3-icon fab fa-pagelines\"><\/i> T\u00e9coma<\/a><\/div><\/div><\/div><\/div><div class=\"wpb_column vc_column_container vc_col-sm-3\"><div class=\"vc_column-inner\"><div class=\"wpb_wrapper\">\n\t<div  class=\"wpb_single_image wpb_content_element vc_align_center\">\n\t\t\n\t\t<figure class=\"wpb_wrapper vc_figure\">\n\t\t\t<div class=\"vc_single_image-wrapper   vc_box_border_grey\"><img loading=\"lazy\" decoding=\"async\" width=\"300\" height=\"300\" src=\"https:\/\/livinglab.younglivingacademy.edu.ec\/wp-content\/uploads\/2021\/10\/fernan-copy-300x300.png\" class=\"vc_single_image-img attachment-medium\" alt=\"\" srcset=\"https:\/\/livinglab.younglivingacademy.edu.ec\/wp-content\/uploads\/2021\/10\/fernan-copy-300x300.png 300w, https:\/\/livinglab.younglivingacademy.edu.ec\/wp-content\/uploads\/2021\/10\/fernan-copy-1024x1024.png 1024w, https:\/\/livinglab.younglivingacademy.edu.ec\/wp-content\/uploads\/2021\/10\/fernan-copy-150x150.png 150w, https:\/\/livinglab.younglivingacademy.edu.ec\/wp-content\/uploads\/2021\/10\/fernan-copy-768x768.png 768w, https:\/\/livinglab.younglivingacademy.edu.ec\/wp-content\/uploads\/2021\/10\/fernan-copy.png 1096w\" sizes=\"auto, (max-width: 300px) 100vw, 300px\" \/><\/div>\n\t\t<\/figure>\n\t<\/div>\n<div class=\"vc_btn3-container  gt vc_btn3-center vc_custom_1635143358564\" ><a class=\"vc_general vc_btn3 vc_btn3-size-lg vc_btn3-shape-rounded vc_btn3-style-flat vc_btn3-icon-left vc_btn3-color-info\" href=\"https:\/\/livinglab.younglivingacademy.edu.ec\/en\/arboles-nativos\/fernan-sanchez\/\" title=\"Fern\u00e1n S\u00e1nchez\"><i class=\"vc_btn3-icon fab fa-pagelines\"><\/i> Fern\u00e1n S\u00e1nchez<\/a><\/div><\/div><\/div><\/div><div class=\"wpb_column vc_column_container vc_col-sm-3\"><div class=\"vc_column-inner\"><div class=\"wpb_wrapper\">\n\t<div  class=\"wpb_single_image wpb_content_element vc_align_center\">\n\t\t\n\t\t<figure class=\"wpb_wrapper vc_figure\">\n\t\t\t<div class=\"vc_single_image-wrapper   vc_box_border_grey\"><img loading=\"lazy\" decoding=\"async\" width=\"300\" height=\"300\" src=\"https:\/\/livinglab.younglivingacademy.edu.ec\/wp-content\/uploads\/2021\/10\/pijo-copy-300x300.png\" class=\"vc_single_image-img attachment-medium\" alt=\"\" srcset=\"https:\/\/livinglab.younglivingacademy.edu.ec\/wp-content\/uploads\/2021\/10\/pijo-copy-300x300.png 300w, https:\/\/livinglab.younglivingacademy.edu.ec\/wp-content\/uploads\/2021\/10\/pijo-copy-1024x1024.png 1024w, https:\/\/livinglab.younglivingacademy.edu.ec\/wp-content\/uploads\/2021\/10\/pijo-copy-150x150.png 150w, https:\/\/livinglab.younglivingacademy.edu.ec\/wp-content\/uploads\/2021\/10\/pijo-copy-768x768.png 768w, https:\/\/livinglab.younglivingacademy.edu.ec\/wp-content\/uploads\/2021\/10\/pijo-copy.png 1163w\" sizes=\"auto, (max-width: 300px) 100vw, 300px\" \/><\/div>\n\t\t<\/figure>\n\t<\/div>\n<div class=\"vc_btn3-container  gt vc_btn3-center vc_custom_1635143813528\" ><a class=\"vc_general vc_btn3 vc_btn3-size-lg vc_btn3-shape-rounded vc_btn3-style-flat vc_btn3-icon-left vc_btn3-color-info\" href=\"https:\/\/livinglab.younglivingacademy.edu.ec\/en\/arboles-nativos\/pijio\/\" title=\"Pij\u00edo\"><i class=\"vc_btn3-icon fab fa-pagelines\"><\/i> Pij\u00edo<\/a><\/div><\/div><\/div><\/div><div class=\"wpb_column vc_column_container vc_col-sm-3\"><div class=\"vc_column-inner\"><div class=\"wpb_wrapper\"><\/div><\/div><\/div><\/div><\/div><\/div><\/div><\/div><div id=\"visita\" class=\"vc_row wpb_row vc_row-fluid vc_custom_1634070825739 vc_row-has-fill\"><div class=\"wpb_column vc_column_container vc_col-sm-12 vc_hidden-lg vc_hidden-md vc_hidden-sm vc_hidden-xs\"><div class=\"vc_column-inner\"><div class=\"wpb_wrapper\">\n\t<div class=\"wpb_text_column wpb_content_element\" >\n\t\t<div class=\"wpb_wrapper\">\n\t\t\t<h2 style=\"text-align: center;\"><span style=\"font-family: gt;\">Would you like to visit the Living Lab Young Living Academy?<\/span><\/h2>\n<p style=\"text-align: center;\">We invite schools to visit this valuable Young Living Academy space.<\/p>\n<p style=\"text-align: center;\">To coordinate a visit, please send an email to info@fundacionyoungliving.org<\/p>\n\n\t\t<\/div>\n\t<\/div>\n<\/div><\/div><\/div><\/div>","protected":false},"excerpt":{"rendered":"\u00c1rboles Nativos Una especie nativa, es una especie que pertenece a una regi\u00f3n o ecosistema determinados. Su presencia en esa regi\u00f3n es el resultado de fen\u00f3menos naturales sin intervenci\u00f3n humana\u2026","protected":false},"author":1,"featured_media":0,"parent":0,"menu_order":0,"comment_status":"closed","ping_status":"closed","template":"page-templates\/template-sinatra-fullwidth.php","meta":{"footnotes":""},"class_list":["post-319","page","type-page","status-publish","hentry"],"yoast_head":"<!-- This site is optimized with the Yoast SEO plugin v26.9 - https:\/\/yoast.com\/product\/yoast-seo-wordpress\/ -->\n<title>\u00c1rboles Nativos - Living Lab<\/title>\n<meta name=\"robots\" content=\"index, follow, max-snippet:-1, max-image-preview:large, max-video-preview:-1\" \/>\n<link rel=\"canonical\" href=\"https:\/\/livinglab.younglivingacademy.edu.ec\/en\/arboles-nativos\/\" \/>\n<meta property=\"og:locale\" content=\"en_US\" \/>\n<meta property=\"og:type\" content=\"article\" \/>\n<meta property=\"og:title\" content=\"\u00c1rboles Nativos - Living Lab\" \/>\n<meta property=\"og:url\" content=\"https:\/\/livinglab.younglivingacademy.edu.ec\/en\/arboles-nativos\/\" \/>\n<meta property=\"og:site_name\" content=\"Living Lab\" \/>\n<meta property=\"article:modified_time\" content=\"2023-09-19T20:23:08+00:00\" \/>\n<meta name=\"twitter:card\" content=\"summary_large_image\" \/>\n<meta name=\"twitter:label1\" content=\"Est. reading time\" \/>\n\t<meta name=\"twitter:data1\" content=\"2 minutes\" \/>\n<script type=\"application\/ld+json\" class=\"yoast-schema-graph\">{\"@context\":\"https:\/\/schema.org\",\"@graph\":[{\"@type\":\"WebPage\",\"@id\":\"https:\/\/livinglab.younglivingacademy.edu.ec\/arboles-nativos\/\",\"url\":\"https:\/\/livinglab.younglivingacademy.edu.ec\/arboles-nativos\/\",\"name\":\"\u00c1rboles Nativos - Living Lab\",\"isPartOf\":{\"@id\":\"https:\/\/livinglab.younglivingacademy.edu.ec\/#website\"},\"datePublished\":\"2021-10-25T04:24:58+00:00\",\"dateModified\":\"2023-09-19T20:23:08+00:00\",\"breadcrumb\":{\"@id\":\"https:\/\/livinglab.younglivingacademy.edu.ec\/arboles-nativos\/#breadcrumb\"},\"inLanguage\":\"en-US\",\"potentialAction\":[{\"@type\":\"ReadAction\",\"target\":[\"https:\/\/livinglab.younglivingacademy.edu.ec\/arboles-nativos\/\"]}]},{\"@type\":\"BreadcrumbList\",\"@id\":\"https:\/\/livinglab.younglivingacademy.edu.ec\/arboles-nativos\/#breadcrumb\",\"itemListElement\":[{\"@type\":\"ListItem\",\"position\":1,\"name\":\"Home\",\"item\":\"https:\/\/livinglab.younglivingacademy.edu.ec\/\"},{\"@type\":\"ListItem\",\"position\":2,\"name\":\"\u00c1rboles Nativos\"}]},{\"@type\":\"WebSite\",\"@id\":\"https:\/\/livinglab.younglivingacademy.edu.ec\/#website\",\"url\":\"https:\/\/livinglab.younglivingacademy.edu.ec\/\",\"name\":\"Living Lab\",\"description\":\"Living Lab Young Living Academy\",\"publisher\":{\"@id\":\"https:\/\/livinglab.younglivingacademy.edu.ec\/#organization\"},\"potentialAction\":[{\"@type\":\"SearchAction\",\"target\":{\"@type\":\"EntryPoint\",\"urlTemplate\":\"https:\/\/livinglab.younglivingacademy.edu.ec\/?s={search_term_string}\"},\"query-input\":{\"@type\":\"PropertyValueSpecification\",\"valueRequired\":true,\"valueName\":\"search_term_string\"}}],\"inLanguage\":\"en-US\"},{\"@type\":\"Organization\",\"@id\":\"https:\/\/livinglab.younglivingacademy.edu.ec\/#organization\",\"name\":\"Living Lab\",\"url\":\"https:\/\/livinglab.younglivingacademy.edu.ec\/\",\"logo\":{\"@type\":\"ImageObject\",\"inLanguage\":\"en-US\",\"@id\":\"https:\/\/livinglab.younglivingacademy.edu.ec\/#\/schema\/logo\/image\/\",\"url\":\"https:\/\/livinglab.younglivingacademy.edu.ec\/wp-content\/uploads\/2021\/10\/YLA-logoblack.png\",\"contentUrl\":\"https:\/\/livinglab.younglivingacademy.edu.ec\/wp-content\/uploads\/2021\/10\/YLA-logoblack.png\",\"width\":712,\"height\":268,\"caption\":\"Living Lab\"},\"image\":{\"@id\":\"https:\/\/livinglab.younglivingacademy.edu.ec\/#\/schema\/logo\/image\/\"}}]}<\/script>\n<!-- \/ Yoast SEO plugin. -->","yoast_head_json":{"title":"\u00c1rboles Nativos - Living Lab","robots":{"index":"index","follow":"follow","max-snippet":"max-snippet:-1","max-image-preview":"max-image-preview:large","max-video-preview":"max-video-preview:-1"},"canonical":"https:\/\/livinglab.younglivingacademy.edu.ec\/en\/arboles-nativos\/","og_locale":"en_US","og_type":"article","og_title":"\u00c1rboles Nativos - Living Lab","og_url":"https:\/\/livinglab.younglivingacademy.edu.ec\/en\/arboles-nativos\/","og_site_name":"Living Lab","article_modified_time":"2023-09-19T20:23:08+00:00","twitter_card":"summary_large_image","twitter_misc":{"Est. reading time":"2 minutes"},"schema":{"@context":"https:\/\/schema.org","@graph":[{"@type":"WebPage","@id":"https:\/\/livinglab.younglivingacademy.edu.ec\/arboles-nativos\/","url":"https:\/\/livinglab.younglivingacademy.edu.ec\/arboles-nativos\/","name":"\u00c1rboles Nativos - Living Lab","isPartOf":{"@id":"https:\/\/livinglab.younglivingacademy.edu.ec\/#website"},"datePublished":"2021-10-25T04:24:58+00:00","dateModified":"2023-09-19T20:23:08+00:00","breadcrumb":{"@id":"https:\/\/livinglab.younglivingacademy.edu.ec\/arboles-nativos\/#breadcrumb"},"inLanguage":"en-US","potentialAction":[{"@type":"ReadAction","target":["https:\/\/livinglab.younglivingacademy.edu.ec\/arboles-nativos\/"]}]},{"@type":"BreadcrumbList","@id":"https:\/\/livinglab.younglivingacademy.edu.ec\/arboles-nativos\/#breadcrumb","itemListElement":[{"@type":"ListItem","position":1,"name":"Home","item":"https:\/\/livinglab.younglivingacademy.edu.ec\/"},{"@type":"ListItem","position":2,"name":"\u00c1rboles Nativos"}]},{"@type":"WebSite","@id":"https:\/\/livinglab.younglivingacademy.edu.ec\/#website","url":"https:\/\/livinglab.younglivingacademy.edu.ec\/","name":"Living Lab","description":"Living Lab Young Living Academy","publisher":{"@id":"https:\/\/livinglab.younglivingacademy.edu.ec\/#organization"},"potentialAction":[{"@type":"SearchAction","target":{"@type":"EntryPoint","urlTemplate":"https:\/\/livinglab.younglivingacademy.edu.ec\/?s={search_term_string}"},"query-input":{"@type":"PropertyValueSpecification","valueRequired":true,"valueName":"search_term_string"}}],"inLanguage":"en-US"},{"@type":"Organization","@id":"https:\/\/livinglab.younglivingacademy.edu.ec\/#organization","name":"Living Lab","url":"https:\/\/livinglab.younglivingacademy.edu.ec\/","logo":{"@type":"ImageObject","inLanguage":"en-US","@id":"https:\/\/livinglab.younglivingacademy.edu.ec\/#\/schema\/logo\/image\/","url":"https:\/\/livinglab.younglivingacademy.edu.ec\/wp-content\/uploads\/2021\/10\/YLA-logoblack.png","contentUrl":"https:\/\/livinglab.younglivingacademy.edu.ec\/wp-content\/uploads\/2021\/10\/YLA-logoblack.png","width":712,"height":268,"caption":"Living Lab"},"image":{"@id":"https:\/\/livinglab.younglivingacademy.edu.ec\/#\/schema\/logo\/image\/"}}]}},"_links":{"self":[{"href":"https:\/\/livinglab.younglivingacademy.edu.ec\/en\/wp-json\/wp\/v2\/pages\/319","targetHints":{"allow":["GET"]}}],"collection":[{"href":"https:\/\/livinglab.younglivingacademy.edu.ec\/en\/wp-json\/wp\/v2\/pages"}],"about":[{"href":"https:\/\/livinglab.younglivingacademy.edu.ec\/en\/wp-json\/wp\/v2\/types\/page"}],"author":[{"embeddable":true,"href":"https:\/\/livinglab.younglivingacademy.edu.ec\/en\/wp-json\/wp\/v2\/users\/1"}],"replies":[{"embeddable":true,"href":"https:\/\/livinglab.younglivingacademy.edu.ec\/en\/wp-json\/wp\/v2\/comments?post=319"}],"version-history":[{"count":15,"href":"https:\/\/livinglab.younglivingacademy.edu.ec\/en\/wp-json\/wp\/v2\/pages\/319\/revisions"}],"predecessor-version":[{"id":446,"href":"https:\/\/livinglab.younglivingacademy.edu.ec\/en\/wp-json\/wp\/v2\/pages\/319\/revisions\/446"}],"wp:attachment":[{"href":"https:\/\/livinglab.younglivingacademy.edu.ec\/en\/wp-json\/wp\/v2\/media?parent=319"}],"curies":[{"name":"wp","href":"https:\/\/api.w.org\/{rel}","templated":true}]}}