{"id":326,"date":"2021-10-25T05:11:40","date_gmt":"2021-10-25T05:11:40","guid":{"rendered":"https:\/\/livinglab.younglivingacademy.edu.ec\/?page_id=326"},"modified":"2022-02-25T14:56:09","modified_gmt":"2022-02-25T14:56:09","slug":"guarumo","status":"publish","type":"page","link":"https:\/\/livinglab.younglivingacademy.edu.ec\/en\/arboles-nativos\/guarumo\/","title":{"rendered":"Guarumo"},"content":{"rendered":"<div id=\"white-text\" class=\"vc_row wpb_row vc_row-fluid white-text vc_custom_1634656485169 vc_row-has-fill\"><div class=\"wpb_column vc_column_container vc_col-sm-12\"><div class=\"vc_column-inner vc_custom_1634132864946\"><div class=\"wpb_wrapper\">\n\t<div class=\"wpb_text_column wpb_content_element\" >\n\t\t<div class=\"wpb_wrapper\">\n\t\t\t<h1 style=\"text-align: center; letter-spacing: 0.2em;\"><span style=\"font-family: gt;\">Guarumo<\/span><\/h1>\n<h3 style=\"text-align: center; letter-spacing: 0.1em;\"><em><span style=\"font-family: gt;\">Cecropia peltata<\/span><\/em><\/h3>\n\n\t\t<\/div>\n\t<\/div>\n<\/div><\/div><\/div><\/div><div class=\"vc_row wpb_row vc_row-fluid vc_custom_1634091121417\"><div class=\"wpb_column vc_column_container vc_col-sm-2\/5\"><div class=\"vc_column-inner\"><div class=\"wpb_wrapper\">\n\t<div  class=\"wpb_single_image wpb_content_element vc_align_center\">\n\t\t\n\t\t<figure class=\"wpb_wrapper vc_figure\">\n\t\t\t<a class=\"\" data-lightbox=\"lightbox[rel-326-62714481]\" href=\"https:\/\/livinglab.younglivingacademy.edu.ec\/wp-content\/uploads\/2021\/10\/guarumo.jpg\" target=\"_self\"><img loading=\"lazy\" decoding=\"async\" width=\"719\" height=\"665\" src=\"https:\/\/livinglab.younglivingacademy.edu.ec\/wp-content\/uploads\/2021\/10\/guarumo.jpg\" class=\"vc_single_image-img attachment-full\" alt=\"\" srcset=\"https:\/\/livinglab.younglivingacademy.edu.ec\/wp-content\/uploads\/2021\/10\/guarumo.jpg 719w, https:\/\/livinglab.younglivingacademy.edu.ec\/wp-content\/uploads\/2021\/10\/guarumo-300x277.jpg 300w\" sizes=\"auto, (max-width: 719px) 100vw, 719px\" \/><\/a>\n\t\t<\/figure>\n\t<\/div>\n<\/div><\/div><\/div><div class=\"wpb_column vc_column_container vc_col-sm-3\/5\"><div class=\"vc_column-inner\"><div class=\"wpb_wrapper\">\n\t<div class=\"wpb_text_column wpb_content_element\" >\n\t\t<div class=\"wpb_wrapper\">\n\t\t\t<p><strong>Description<\/strong><br \/>\nIt is common in warm climates, although it can grow to heights of more than 2,000 meters on mountain slopes.\nIt is a tree from 5 to 30 m high, with a straight, hollow trunk.  Hollow branches, partitioned, with numerous annular scars and lenticels. Buds 10-12 cm long, covered by a pubescent, drooping stipules. \nLeaves peltate, rounded, leathery, 30-40 cm in diameter, divided into 7-11 lobes united near the base.\nIt is fast growing, its roots are superficial and its life is short.  It is a species that in the intertropical vegetation itself has reforestation functions in a natural way, that is to say, without the need to be planted. If we talk about reforestation projects, it is because it is a very fast growing tree, although, on the other hand, it is very short-lived. It can grow anywhere, including the concrete walls and pillars of bridges and other constructions.\nThey can become longer-lived if they grow in areas of very poor topography and\/or soils, where other more demanding species cannot easily develop.<\/p>\n<p><strong>Ethnobotany<\/strong><br \/>\nThe latex of this tree is astringent and corrosive, it is used against warts, corns, herpes, ulcers.\nThe bark is antiblenorrhagic, the roots antibilious and the fruit emulsifying. The leaves are analgesic, emmenagogue, antiasthmatic, and are also used in liver diseases and dropsy. \nIn general it is said to have cardiovascular properties, as a febrifuge, diuretic, skin softening, tonic-capillary and healing.<\/p>\n\n\t\t<\/div>\n\t<\/div>\n<\/div><\/div><\/div><\/div><div id=\"visita\" class=\"vc_row wpb_row vc_row-fluid vc_custom_1634070825739 vc_row-has-fill\"><div class=\"wpb_column vc_column_container vc_col-sm-12 vc_hidden-lg vc_hidden-md vc_hidden-sm vc_hidden-xs\"><div class=\"vc_column-inner\"><div class=\"wpb_wrapper\">\n\t<div class=\"wpb_text_column wpb_content_element\" >\n\t\t<div class=\"wpb_wrapper\">\n\t\t\t<p>Would you like to visit the Living Lab Young Living Academy?<\/p>\n<p>We invite schools to visit this valuable Young Living Academy space.<\/p>\n<p>To coordinate a visit, please send an email to info@fundacionyoungliving.org<\/p>\n\n\t\t<\/div>\n\t<\/div>\n<\/div><\/div><\/div><\/div>","protected":false},"excerpt":{"rendered":"Guarumo Cecropia peltata Descripci\u00f3n Es com\u00fan en clima c\u00e1lido, aunque puede llegar a crecer a alturas de m\u00e1s de 2.000 metros en las laderas monta\u00f1osas Es un \u00e1rbol de 5\u2026","protected":false},"author":1,"featured_media":0,"parent":319,"menu_order":0,"comment_status":"closed","ping_status":"closed","template":"page-templates\/template-sinatra-fullwidth.php","meta":{"footnotes":""},"class_list":["post-326","page","type-page","status-publish","hentry"],"yoast_head":"<!-- This site is optimized with the Yoast SEO plugin v26.9 - https:\/\/yoast.com\/product\/yoast-seo-wordpress\/ -->\n<title>Guarumo - Living Lab<\/title>\n<meta name=\"robots\" content=\"index, follow, max-snippet:-1, max-image-preview:large, max-video-preview:-1\" \/>\n<link rel=\"canonical\" href=\"https:\/\/livinglab.younglivingacademy.edu.ec\/en\/arboles-nativos\/guarumo\/\" \/>\n<meta property=\"og:locale\" content=\"en_US\" \/>\n<meta property=\"og:type\" content=\"article\" \/>\n<meta property=\"og:title\" content=\"Guarumo - Living Lab\" \/>\n<meta property=\"og:url\" content=\"https:\/\/livinglab.younglivingacademy.edu.ec\/en\/arboles-nativos\/guarumo\/\" \/>\n<meta property=\"og:site_name\" content=\"Living Lab\" \/>\n<meta property=\"article:modified_time\" content=\"2022-02-25T14:56:09+00:00\" \/>\n<meta name=\"twitter:card\" content=\"summary_large_image\" \/>\n<meta name=\"twitter:label1\" content=\"Est. reading time\" \/>\n\t<meta name=\"twitter:data1\" content=\"1 minute\" \/>\n<script type=\"application\/ld+json\" class=\"yoast-schema-graph\">{\"@context\":\"https:\/\/schema.org\",\"@graph\":[{\"@type\":\"WebPage\",\"@id\":\"https:\/\/livinglab.younglivingacademy.edu.ec\/arboles-nativos\/guarumo\/\",\"url\":\"https:\/\/livinglab.younglivingacademy.edu.ec\/arboles-nativos\/guarumo\/\",\"name\":\"Guarumo - Living Lab\",\"isPartOf\":{\"@id\":\"https:\/\/livinglab.younglivingacademy.edu.ec\/#website\"},\"datePublished\":\"2021-10-25T05:11:40+00:00\",\"dateModified\":\"2022-02-25T14:56:09+00:00\",\"breadcrumb\":{\"@id\":\"https:\/\/livinglab.younglivingacademy.edu.ec\/arboles-nativos\/guarumo\/#breadcrumb\"},\"inLanguage\":\"en-US\",\"potentialAction\":[{\"@type\":\"ReadAction\",\"target\":[\"https:\/\/livinglab.younglivingacademy.edu.ec\/arboles-nativos\/guarumo\/\"]}]},{\"@type\":\"BreadcrumbList\",\"@id\":\"https:\/\/livinglab.younglivingacademy.edu.ec\/arboles-nativos\/guarumo\/#breadcrumb\",\"itemListElement\":[{\"@type\":\"ListItem\",\"position\":1,\"name\":\"Home\",\"item\":\"https:\/\/livinglab.younglivingacademy.edu.ec\/\"},{\"@type\":\"ListItem\",\"position\":2,\"name\":\"\u00c1rboles Nativos\",\"item\":\"https:\/\/livinglab.younglivingacademy.edu.ec\/arboles-nativos\/\"},{\"@type\":\"ListItem\",\"position\":3,\"name\":\"Guarumo\"}]},{\"@type\":\"WebSite\",\"@id\":\"https:\/\/livinglab.younglivingacademy.edu.ec\/#website\",\"url\":\"https:\/\/livinglab.younglivingacademy.edu.ec\/\",\"name\":\"Living Lab\",\"description\":\"Living Lab Young Living Academy\",\"publisher\":{\"@id\":\"https:\/\/livinglab.younglivingacademy.edu.ec\/#organization\"},\"potentialAction\":[{\"@type\":\"SearchAction\",\"target\":{\"@type\":\"EntryPoint\",\"urlTemplate\":\"https:\/\/livinglab.younglivingacademy.edu.ec\/?s={search_term_string}\"},\"query-input\":{\"@type\":\"PropertyValueSpecification\",\"valueRequired\":true,\"valueName\":\"search_term_string\"}}],\"inLanguage\":\"en-US\"},{\"@type\":\"Organization\",\"@id\":\"https:\/\/livinglab.younglivingacademy.edu.ec\/#organization\",\"name\":\"Living Lab\",\"url\":\"https:\/\/livinglab.younglivingacademy.edu.ec\/\",\"logo\":{\"@type\":\"ImageObject\",\"inLanguage\":\"en-US\",\"@id\":\"https:\/\/livinglab.younglivingacademy.edu.ec\/#\/schema\/logo\/image\/\",\"url\":\"https:\/\/livinglab.younglivingacademy.edu.ec\/wp-content\/uploads\/2021\/10\/YLA-logoblack.png\",\"contentUrl\":\"https:\/\/livinglab.younglivingacademy.edu.ec\/wp-content\/uploads\/2021\/10\/YLA-logoblack.png\",\"width\":712,\"height\":268,\"caption\":\"Living Lab\"},\"image\":{\"@id\":\"https:\/\/livinglab.younglivingacademy.edu.ec\/#\/schema\/logo\/image\/\"}}]}<\/script>\n<!-- \/ Yoast SEO plugin. -->","yoast_head_json":{"title":"Guarumo - Living Lab","robots":{"index":"index","follow":"follow","max-snippet":"max-snippet:-1","max-image-preview":"max-image-preview:large","max-video-preview":"max-video-preview:-1"},"canonical":"https:\/\/livinglab.younglivingacademy.edu.ec\/en\/arboles-nativos\/guarumo\/","og_locale":"en_US","og_type":"article","og_title":"Guarumo - Living Lab","og_url":"https:\/\/livinglab.younglivingacademy.edu.ec\/en\/arboles-nativos\/guarumo\/","og_site_name":"Living Lab","article_modified_time":"2022-02-25T14:56:09+00:00","twitter_card":"summary_large_image","twitter_misc":{"Est. reading time":"1 minute"},"schema":{"@context":"https:\/\/schema.org","@graph":[{"@type":"WebPage","@id":"https:\/\/livinglab.younglivingacademy.edu.ec\/arboles-nativos\/guarumo\/","url":"https:\/\/livinglab.younglivingacademy.edu.ec\/arboles-nativos\/guarumo\/","name":"Guarumo - Living Lab","isPartOf":{"@id":"https:\/\/livinglab.younglivingacademy.edu.ec\/#website"},"datePublished":"2021-10-25T05:11:40+00:00","dateModified":"2022-02-25T14:56:09+00:00","breadcrumb":{"@id":"https:\/\/livinglab.younglivingacademy.edu.ec\/arboles-nativos\/guarumo\/#breadcrumb"},"inLanguage":"en-US","potentialAction":[{"@type":"ReadAction","target":["https:\/\/livinglab.younglivingacademy.edu.ec\/arboles-nativos\/guarumo\/"]}]},{"@type":"BreadcrumbList","@id":"https:\/\/livinglab.younglivingacademy.edu.ec\/arboles-nativos\/guarumo\/#breadcrumb","itemListElement":[{"@type":"ListItem","position":1,"name":"Home","item":"https:\/\/livinglab.younglivingacademy.edu.ec\/"},{"@type":"ListItem","position":2,"name":"\u00c1rboles Nativos","item":"https:\/\/livinglab.younglivingacademy.edu.ec\/arboles-nativos\/"},{"@type":"ListItem","position":3,"name":"Guarumo"}]},{"@type":"WebSite","@id":"https:\/\/livinglab.younglivingacademy.edu.ec\/#website","url":"https:\/\/livinglab.younglivingacademy.edu.ec\/","name":"Living Lab","description":"Living Lab Young Living Academy","publisher":{"@id":"https:\/\/livinglab.younglivingacademy.edu.ec\/#organization"},"potentialAction":[{"@type":"SearchAction","target":{"@type":"EntryPoint","urlTemplate":"https:\/\/livinglab.younglivingacademy.edu.ec\/?s={search_term_string}"},"query-input":{"@type":"PropertyValueSpecification","valueRequired":true,"valueName":"search_term_string"}}],"inLanguage":"en-US"},{"@type":"Organization","@id":"https:\/\/livinglab.younglivingacademy.edu.ec\/#organization","name":"Living Lab","url":"https:\/\/livinglab.younglivingacademy.edu.ec\/","logo":{"@type":"ImageObject","inLanguage":"en-US","@id":"https:\/\/livinglab.younglivingacademy.edu.ec\/#\/schema\/logo\/image\/","url":"https:\/\/livinglab.younglivingacademy.edu.ec\/wp-content\/uploads\/2021\/10\/YLA-logoblack.png","contentUrl":"https:\/\/livinglab.younglivingacademy.edu.ec\/wp-content\/uploads\/2021\/10\/YLA-logoblack.png","width":712,"height":268,"caption":"Living Lab"},"image":{"@id":"https:\/\/livinglab.younglivingacademy.edu.ec\/#\/schema\/logo\/image\/"}}]}},"_links":{"self":[{"href":"https:\/\/livinglab.younglivingacademy.edu.ec\/en\/wp-json\/wp\/v2\/pages\/326","targetHints":{"allow":["GET"]}}],"collection":[{"href":"https:\/\/livinglab.younglivingacademy.edu.ec\/en\/wp-json\/wp\/v2\/pages"}],"about":[{"href":"https:\/\/livinglab.younglivingacademy.edu.ec\/en\/wp-json\/wp\/v2\/types\/page"}],"author":[{"embeddable":true,"href":"https:\/\/livinglab.younglivingacademy.edu.ec\/en\/wp-json\/wp\/v2\/users\/1"}],"replies":[{"embeddable":true,"href":"https:\/\/livinglab.younglivingacademy.edu.ec\/en\/wp-json\/wp\/v2\/comments?post=326"}],"version-history":[{"count":3,"href":"https:\/\/livinglab.younglivingacademy.edu.ec\/en\/wp-json\/wp\/v2\/pages\/326\/revisions"}],"predecessor-version":[{"id":410,"href":"https:\/\/livinglab.younglivingacademy.edu.ec\/en\/wp-json\/wp\/v2\/pages\/326\/revisions\/410"}],"up":[{"embeddable":true,"href":"https:\/\/livinglab.younglivingacademy.edu.ec\/en\/wp-json\/wp\/v2\/pages\/319"}],"wp:attachment":[{"href":"https:\/\/livinglab.younglivingacademy.edu.ec\/en\/wp-json\/wp\/v2\/media?parent=326"}],"curies":[{"name":"wp","href":"https:\/\/api.w.org\/{rel}","templated":true}]}}