{"id":343,"date":"2021-10-25T06:10:12","date_gmt":"2021-10-25T06:10:12","guid":{"rendered":"https:\/\/livinglab.younglivingacademy.edu.ec\/?page_id=343"},"modified":"2022-02-25T16:13:28","modified_gmt":"2022-02-25T16:13:28","slug":"roble","status":"publish","type":"page","link":"https:\/\/livinglab.younglivingacademy.edu.ec\/en\/arboles-nativos\/roble\/","title":{"rendered":"Roble"},"content":{"rendered":"<div id=\"white-text\" class=\"vc_row wpb_row vc_row-fluid white-text vc_custom_1634656485169 vc_row-has-fill\"><div class=\"wpb_column vc_column_container vc_col-sm-12\"><div class=\"vc_column-inner vc_custom_1634132864946\"><div class=\"wpb_wrapper\">\n\t<div class=\"wpb_text_column wpb_content_element\" >\n\t\t<div class=\"wpb_wrapper\">\n\t\t\t<h1 style=\"text-align: center; letter-spacing: 0.2em;\"><span style=\"font-family: gt;\">Roble<\/span><\/h1>\n<h3 style=\"text-align: center; letter-spacing: 0.1em;\"><em><span style=\"font-family: gt;\">Quercus polymorpha<\/span><\/em><\/h3>\n\n\t\t<\/div>\n\t<\/div>\n<\/div><\/div><\/div><\/div><div class=\"vc_row wpb_row vc_row-fluid vc_custom_1634091121417\"><div class=\"wpb_column vc_column_container vc_col-sm-2\/5\"><div class=\"vc_column-inner\"><div class=\"wpb_wrapper\">\n\t<div  class=\"wpb_single_image wpb_content_element vc_align_center\">\n\t\t\n\t\t<figure class=\"wpb_wrapper vc_figure\">\n\t\t\t<a class=\"\" data-lightbox=\"lightbox[rel-343-3514782776]\" href=\"https:\/\/livinglab.younglivingacademy.edu.ec\/wp-content\/uploads\/2021\/10\/roble-761x1024.jpg\" target=\"_self\"><img loading=\"lazy\" decoding=\"async\" width=\"1214\" height=\"1633\" src=\"https:\/\/livinglab.younglivingacademy.edu.ec\/wp-content\/uploads\/2021\/10\/roble.jpg\" class=\"vc_single_image-img attachment-full\" alt=\"\" srcset=\"https:\/\/livinglab.younglivingacademy.edu.ec\/wp-content\/uploads\/2021\/10\/roble.jpg 1214w, https:\/\/livinglab.younglivingacademy.edu.ec\/wp-content\/uploads\/2021\/10\/roble-223x300.jpg 223w, https:\/\/livinglab.younglivingacademy.edu.ec\/wp-content\/uploads\/2021\/10\/roble-761x1024.jpg 761w, https:\/\/livinglab.younglivingacademy.edu.ec\/wp-content\/uploads\/2021\/10\/roble-768x1033.jpg 768w, https:\/\/livinglab.younglivingacademy.edu.ec\/wp-content\/uploads\/2021\/10\/roble-1142x1536.jpg 1142w\" sizes=\"auto, (max-width: 1214px) 100vw, 1214px\" \/><\/a>\n\t\t<\/figure>\n\t<\/div>\n<\/div><\/div><\/div><div class=\"wpb_column vc_column_container vc_col-sm-3\/5\"><div class=\"vc_column-inner\"><div class=\"wpb_wrapper\">\n\t<div class=\"wpb_text_column wpb_content_element\" >\n\t\t<div class=\"wpb_wrapper\">\n\t\t\t<p><strong>Description<\/strong><br \/>\nA species of tree in the family Fagaceae. It is classified in Section Lobatae; of the red oak of North America, Central America and northern South America which have long styles, the acorns mature in 18 months and have a very bitter taste.<br \/>\nIt is an evergreen tree, growing up to 25 m high and 1 m in diameter. Its bark is reddish-grey or grey with scale-like fissures. The leaves are simple, alternate and lanceolate, 10 to 20 cm long and grouped at the ends of the branches. The flowers are small, yellow and unisexual, with a racemose inflorescence.<br \/>\nAt first sight it is very similar to the Guayac\u00e1n, but it can be distinguished by the enamelled shine on its leaves, this is due to the fact that it has more cuticle. Its flowers are pink. Flowering occurs during the months of October to November. It does not need water as a stimulus. It is recognised by its lentisemas (eyes on the stems).<br \/>\nIt is a component of the Andean forests where, due to its large size, it allows epiphytic plants as well as lichens to grow. Its flowers are visited by bees.<br \/>\nThe bark of most of the Quercus is used as \"casca\" for tanning skins, as it forms tannins with the protides of the skin (sole, leather).<\/p>\n<p><strong>Ethnobotany<\/strong><br \/>\nLa corteza y las bellotas son\u00a0astringentes. Se utilizan en el tratamiento del imp\u00e9tigo y eczema. Cualesquiera agalla producidas en el \u00e1rbol son fuertemente astringentes y pueden utilizarse en el tratamiento de hemorragias, diarrea cr\u00f3nica, etc.<\/p>\n\n\t\t<\/div>\n\t<\/div>\n<\/div><\/div><\/div><\/div><div id=\"visita\" class=\"vc_row wpb_row vc_row-fluid vc_custom_1634070825739 vc_row-has-fill\"><div class=\"wpb_column vc_column_container vc_col-sm-12 vc_hidden-lg vc_hidden-md vc_hidden-sm vc_hidden-xs\"><div class=\"vc_column-inner\"><div class=\"wpb_wrapper\">\n\t<div class=\"wpb_text_column wpb_content_element\" >\n\t\t<div class=\"wpb_wrapper\">\n\t\t\t<p>Would you like to visit the Living Lab Young Living Academy?<\/p>\n<p>We invite schools to visit this valuable Young Living Academy space.<\/p>\n<p>To coordinate a visit, please send an email to info@fundacionyoungliving.org<\/p>\n\n\t\t<\/div>\n\t<\/div>\n<\/div><\/div><\/div><\/div>","protected":false},"excerpt":{"rendered":"Roble Quercus polymorpha Descripci\u00f3n Es una especie de\u00a0\u00e1rbol\u00a0de la familia\u00a0Fagaceae. Est\u00e1 clasificada en la\u00a0Secci\u00f3n Lobatae; del roble rojo de\u00a0Am\u00e9rica del Norte,\u00a0Centroam\u00e9rica\u00a0y el norte de\u00a0Am\u00e9rica del Sur\u00a0que tienen los estilos largos,\u2026","protected":false},"author":1,"featured_media":0,"parent":319,"menu_order":0,"comment_status":"closed","ping_status":"closed","template":"page-templates\/template-sinatra-fullwidth.php","meta":{"footnotes":""},"class_list":["post-343","page","type-page","status-publish","hentry"],"yoast_head":"<!-- This site is optimized with the Yoast SEO plugin v26.9 - https:\/\/yoast.com\/product\/yoast-seo-wordpress\/ -->\n<title>Roble - Living Lab<\/title>\n<meta name=\"robots\" content=\"index, follow, max-snippet:-1, max-image-preview:large, max-video-preview:-1\" \/>\n<link rel=\"canonical\" href=\"https:\/\/livinglab.younglivingacademy.edu.ec\/en\/arboles-nativos\/roble\/\" \/>\n<meta property=\"og:locale\" content=\"en_US\" \/>\n<meta property=\"og:type\" content=\"article\" \/>\n<meta property=\"og:title\" content=\"Roble - Living Lab\" \/>\n<meta property=\"og:url\" content=\"https:\/\/livinglab.younglivingacademy.edu.ec\/en\/arboles-nativos\/roble\/\" \/>\n<meta property=\"og:site_name\" content=\"Living Lab\" \/>\n<meta property=\"article:modified_time\" content=\"2022-02-25T16:13:28+00:00\" \/>\n<meta name=\"twitter:card\" content=\"summary_large_image\" \/>\n<meta name=\"twitter:label1\" content=\"Est. reading time\" \/>\n\t<meta name=\"twitter:data1\" content=\"1 minute\" \/>\n<script type=\"application\/ld+json\" class=\"yoast-schema-graph\">{\"@context\":\"https:\/\/schema.org\",\"@graph\":[{\"@type\":\"WebPage\",\"@id\":\"https:\/\/livinglab.younglivingacademy.edu.ec\/arboles-nativos\/roble\/\",\"url\":\"https:\/\/livinglab.younglivingacademy.edu.ec\/arboles-nativos\/roble\/\",\"name\":\"Roble - Living Lab\",\"isPartOf\":{\"@id\":\"https:\/\/livinglab.younglivingacademy.edu.ec\/#website\"},\"datePublished\":\"2021-10-25T06:10:12+00:00\",\"dateModified\":\"2022-02-25T16:13:28+00:00\",\"breadcrumb\":{\"@id\":\"https:\/\/livinglab.younglivingacademy.edu.ec\/arboles-nativos\/roble\/#breadcrumb\"},\"inLanguage\":\"en-US\",\"potentialAction\":[{\"@type\":\"ReadAction\",\"target\":[\"https:\/\/livinglab.younglivingacademy.edu.ec\/arboles-nativos\/roble\/\"]}]},{\"@type\":\"BreadcrumbList\",\"@id\":\"https:\/\/livinglab.younglivingacademy.edu.ec\/arboles-nativos\/roble\/#breadcrumb\",\"itemListElement\":[{\"@type\":\"ListItem\",\"position\":1,\"name\":\"Home\",\"item\":\"https:\/\/livinglab.younglivingacademy.edu.ec\/\"},{\"@type\":\"ListItem\",\"position\":2,\"name\":\"\u00c1rboles Nativos\",\"item\":\"https:\/\/livinglab.younglivingacademy.edu.ec\/arboles-nativos\/\"},{\"@type\":\"ListItem\",\"position\":3,\"name\":\"Roble\"}]},{\"@type\":\"WebSite\",\"@id\":\"https:\/\/livinglab.younglivingacademy.edu.ec\/#website\",\"url\":\"https:\/\/livinglab.younglivingacademy.edu.ec\/\",\"name\":\"Living Lab\",\"description\":\"Living Lab Young Living Academy\",\"publisher\":{\"@id\":\"https:\/\/livinglab.younglivingacademy.edu.ec\/#organization\"},\"potentialAction\":[{\"@type\":\"SearchAction\",\"target\":{\"@type\":\"EntryPoint\",\"urlTemplate\":\"https:\/\/livinglab.younglivingacademy.edu.ec\/?s={search_term_string}\"},\"query-input\":{\"@type\":\"PropertyValueSpecification\",\"valueRequired\":true,\"valueName\":\"search_term_string\"}}],\"inLanguage\":\"en-US\"},{\"@type\":\"Organization\",\"@id\":\"https:\/\/livinglab.younglivingacademy.edu.ec\/#organization\",\"name\":\"Living Lab\",\"url\":\"https:\/\/livinglab.younglivingacademy.edu.ec\/\",\"logo\":{\"@type\":\"ImageObject\",\"inLanguage\":\"en-US\",\"@id\":\"https:\/\/livinglab.younglivingacademy.edu.ec\/#\/schema\/logo\/image\/\",\"url\":\"https:\/\/livinglab.younglivingacademy.edu.ec\/wp-content\/uploads\/2021\/10\/YLA-logoblack.png\",\"contentUrl\":\"https:\/\/livinglab.younglivingacademy.edu.ec\/wp-content\/uploads\/2021\/10\/YLA-logoblack.png\",\"width\":712,\"height\":268,\"caption\":\"Living Lab\"},\"image\":{\"@id\":\"https:\/\/livinglab.younglivingacademy.edu.ec\/#\/schema\/logo\/image\/\"}}]}<\/script>\n<!-- \/ Yoast SEO plugin. -->","yoast_head_json":{"title":"Roble - Living Lab","robots":{"index":"index","follow":"follow","max-snippet":"max-snippet:-1","max-image-preview":"max-image-preview:large","max-video-preview":"max-video-preview:-1"},"canonical":"https:\/\/livinglab.younglivingacademy.edu.ec\/en\/arboles-nativos\/roble\/","og_locale":"en_US","og_type":"article","og_title":"Roble - Living Lab","og_url":"https:\/\/livinglab.younglivingacademy.edu.ec\/en\/arboles-nativos\/roble\/","og_site_name":"Living Lab","article_modified_time":"2022-02-25T16:13:28+00:00","twitter_card":"summary_large_image","twitter_misc":{"Est. reading time":"1 minute"},"schema":{"@context":"https:\/\/schema.org","@graph":[{"@type":"WebPage","@id":"https:\/\/livinglab.younglivingacademy.edu.ec\/arboles-nativos\/roble\/","url":"https:\/\/livinglab.younglivingacademy.edu.ec\/arboles-nativos\/roble\/","name":"Roble - Living Lab","isPartOf":{"@id":"https:\/\/livinglab.younglivingacademy.edu.ec\/#website"},"datePublished":"2021-10-25T06:10:12+00:00","dateModified":"2022-02-25T16:13:28+00:00","breadcrumb":{"@id":"https:\/\/livinglab.younglivingacademy.edu.ec\/arboles-nativos\/roble\/#breadcrumb"},"inLanguage":"en-US","potentialAction":[{"@type":"ReadAction","target":["https:\/\/livinglab.younglivingacademy.edu.ec\/arboles-nativos\/roble\/"]}]},{"@type":"BreadcrumbList","@id":"https:\/\/livinglab.younglivingacademy.edu.ec\/arboles-nativos\/roble\/#breadcrumb","itemListElement":[{"@type":"ListItem","position":1,"name":"Home","item":"https:\/\/livinglab.younglivingacademy.edu.ec\/"},{"@type":"ListItem","position":2,"name":"\u00c1rboles Nativos","item":"https:\/\/livinglab.younglivingacademy.edu.ec\/arboles-nativos\/"},{"@type":"ListItem","position":3,"name":"Roble"}]},{"@type":"WebSite","@id":"https:\/\/livinglab.younglivingacademy.edu.ec\/#website","url":"https:\/\/livinglab.younglivingacademy.edu.ec\/","name":"Living Lab","description":"Living Lab Young Living Academy","publisher":{"@id":"https:\/\/livinglab.younglivingacademy.edu.ec\/#organization"},"potentialAction":[{"@type":"SearchAction","target":{"@type":"EntryPoint","urlTemplate":"https:\/\/livinglab.younglivingacademy.edu.ec\/?s={search_term_string}"},"query-input":{"@type":"PropertyValueSpecification","valueRequired":true,"valueName":"search_term_string"}}],"inLanguage":"en-US"},{"@type":"Organization","@id":"https:\/\/livinglab.younglivingacademy.edu.ec\/#organization","name":"Living Lab","url":"https:\/\/livinglab.younglivingacademy.edu.ec\/","logo":{"@type":"ImageObject","inLanguage":"en-US","@id":"https:\/\/livinglab.younglivingacademy.edu.ec\/#\/schema\/logo\/image\/","url":"https:\/\/livinglab.younglivingacademy.edu.ec\/wp-content\/uploads\/2021\/10\/YLA-logoblack.png","contentUrl":"https:\/\/livinglab.younglivingacademy.edu.ec\/wp-content\/uploads\/2021\/10\/YLA-logoblack.png","width":712,"height":268,"caption":"Living Lab"},"image":{"@id":"https:\/\/livinglab.younglivingacademy.edu.ec\/#\/schema\/logo\/image\/"}}]}},"_links":{"self":[{"href":"https:\/\/livinglab.younglivingacademy.edu.ec\/en\/wp-json\/wp\/v2\/pages\/343","targetHints":{"allow":["GET"]}}],"collection":[{"href":"https:\/\/livinglab.younglivingacademy.edu.ec\/en\/wp-json\/wp\/v2\/pages"}],"about":[{"href":"https:\/\/livinglab.younglivingacademy.edu.ec\/en\/wp-json\/wp\/v2\/types\/page"}],"author":[{"embeddable":true,"href":"https:\/\/livinglab.younglivingacademy.edu.ec\/en\/wp-json\/wp\/v2\/users\/1"}],"replies":[{"embeddable":true,"href":"https:\/\/livinglab.younglivingacademy.edu.ec\/en\/wp-json\/wp\/v2\/comments?post=343"}],"version-history":[{"count":5,"href":"https:\/\/livinglab.younglivingacademy.edu.ec\/en\/wp-json\/wp\/v2\/pages\/343\/revisions"}],"predecessor-version":[{"id":419,"href":"https:\/\/livinglab.younglivingacademy.edu.ec\/en\/wp-json\/wp\/v2\/pages\/343\/revisions\/419"}],"up":[{"embeddable":true,"href":"https:\/\/livinglab.younglivingacademy.edu.ec\/en\/wp-json\/wp\/v2\/pages\/319"}],"wp:attachment":[{"href":"https:\/\/livinglab.younglivingacademy.edu.ec\/en\/wp-json\/wp\/v2\/media?parent=343"}],"curies":[{"name":"wp","href":"https:\/\/api.w.org\/{rel}","templated":true}]}}