{"id":451,"date":"2023-10-11T14:07:36","date_gmt":"2023-10-11T14:07:36","guid":{"rendered":"https:\/\/livinglab.younglivingacademy.edu.ec\/?page_id=451"},"modified":"2023-10-11T14:07:36","modified_gmt":"2023-10-11T14:07:36","slug":"bijahuilla","status":"publish","type":"page","link":"https:\/\/livinglab.younglivingacademy.edu.ec\/en\/especies-de-bosque-seco\/bijahuilla\/","title":{"rendered":"Bijahuilla"},"content":{"rendered":"<div class=\"vc_row wpb_row vc_row-fluid vc_custom_1634128681308 vc_row-has-fill\"><div class=\"wpb_column vc_column_container vc_col-sm-12\"><div class=\"vc_column-inner vc_custom_1634132864946\"><div class=\"wpb_wrapper\">\n\t<div class=\"wpb_text_column wpb_content_element\" >\n\t\t<div class=\"wpb_wrapper\">\n\t\t\t<h1 style=\"text-align: center; letter-spacing: 0.2em;\"><span style=\"color: #ffffff; font-family: gt;\">Bijahuilla<\/span><\/h1>\n<h3 style=\"text-align: center; letter-spacing: 0.1em;\"><span style=\"color: #ffffff;\"><em><span style=\"font-family: gt;\"><b><i>Heliconia latispatha<\/i><\/b><\/span><\/em><\/span><\/h3>\n\n\t\t<\/div>\n\t<\/div>\n<\/div><\/div><\/div><\/div><div class=\"vc_row wpb_row vc_row-fluid vc_custom_1634091121417\"><div class=\"wpb_column vc_column_container vc_col-sm-2\/5\"><div class=\"vc_column-inner\"><div class=\"wpb_wrapper\"><div class=\"wpb_gallery wpb_content_element vc_clearfix\" ><div class=\"wpb_wrapper\"><div class=\"wpb_gallery_slides wpb_flexslider flexslider_fade flexslider\" data-interval=\"3\" data-flex_fx=\"fade\"><ul class=\"slides\"><li><a class=\"\" href=\"https:\/\/livinglab.younglivingacademy.edu.ec\/wp-content\/uploads\/2023\/10\/Bijahuilla-768x1024.jpg\" data-lightbox=\"lightbox[rel-451-3284183567]\"><img loading=\"lazy\" decoding=\"async\" width=\"867\" height=\"1156\" src=\"https:\/\/livinglab.younglivingacademy.edu.ec\/wp-content\/uploads\/2023\/10\/Bijahuilla.jpg\" class=\"attachment-full\" alt=\"\" srcset=\"https:\/\/livinglab.younglivingacademy.edu.ec\/wp-content\/uploads\/2023\/10\/Bijahuilla.jpg 867w, https:\/\/livinglab.younglivingacademy.edu.ec\/wp-content\/uploads\/2023\/10\/Bijahuilla-225x300.jpg 225w, https:\/\/livinglab.younglivingacademy.edu.ec\/wp-content\/uploads\/2023\/10\/Bijahuilla-768x1024.jpg 768w, https:\/\/livinglab.younglivingacademy.edu.ec\/wp-content\/uploads\/2023\/10\/Bijahuilla-9x12.jpg 9w\" sizes=\"auto, (max-width: 867px) 100vw, 867px\" \/><\/a><\/li><\/ul><\/div><\/div><\/div><\/div><\/div><\/div><div class=\"wpb_column vc_column_container vc_col-sm-3\/5\"><div class=\"vc_column-inner\"><div class=\"wpb_wrapper\">\n\t<div class=\"wpb_text_column wpb_content_element\" >\n\t\t<div class=\"wpb_wrapper\">\n\t\t\t<p><strong>Description<\/strong><\/p>\n<p><span style=\"font-weight: 400;\">La Bijahuilla o heliconias son flores tropicales nativas de la Am\u00e9rica Tropical (Sudam\u00e9rica y Centroam\u00e9rica). El g\u00e9nero Heliconia presenta de 225 a 250 especies, la especie <\/span><b><i>Heliconia latispatha <\/i><\/b><span style=\"font-weight: 400;\">crece entre 2 y 4 metros de alto, presentan amplias posibilidades flor\u00edsticas, su fisiolog\u00eda y morfolog\u00eda les permite sobrevivir y crecer satisfactoriamente bajo condiciones ambientales. Presentan caracter\u00edsticas agron\u00f3micas interesantes, como su alta resistencia a la variabilidad clim\u00e1tica, ataque de plagas y enfermedades. Es de f\u00e1cil propagaci\u00f3n y posee largos periodos de floraci\u00f3n.<\/span><\/p>\n<p><span style=\"font-weight: 400;\">Un aspecto relevante de las Bijahuilla es que pueden ser utilizadas como ornato de parques y jardines, como flores de corte o como cultivo para producir semillas certificadas.<\/span><\/p>\n<p><b>Propagation<\/b><\/p>\n<p><span style=\"font-weight: 400;\">Se propagan habitualmente de manera natural a trav\u00e9s del desarrollo de las yemas vegetativas presentes en su tallo rizomatoso, caracter\u00edstica est\u00e1 utilizada en producci\u00f3n para la multiplicaci\u00f3n artificial. Los pseudotallos se cortan a 15-30 cm de la base y los rizomas se dividen en secciones con uno a dos tallos, se quitan todas las ra\u00edces, los tallos y las hojas muertas.\u00a0<\/span><\/p>\n\n\t\t<\/div>\n\t<\/div>\n<\/div><\/div><\/div><\/div><div id=\"visita\" class=\"vc_row wpb_row vc_row-fluid vc_custom_1634070825739 vc_row-has-fill\"><div class=\"wpb_column vc_column_container vc_col-sm-12 vc_hidden-lg vc_hidden-md vc_hidden-sm vc_hidden-xs\"><div class=\"vc_column-inner\"><div class=\"wpb_wrapper\">\n\t<div class=\"wpb_text_column wpb_content_element\" >\n\t\t<div class=\"wpb_wrapper\">\n\t\t\t<p>Would you like to visit the Living Lab Young Living Academy?<\/p>\n<p>We invite schools to visit this valuable Young Living Academy space.<\/p>\n<p>To coordinate a visit, please send an email to info@fundacionyoungliving.org<\/p>\n\n\t\t<\/div>\n\t<\/div>\n<\/div><\/div><\/div><\/div>","protected":false},"excerpt":{"rendered":"Bijahuilla Heliconia latispatha Descripci\u00f3n La Bijahuilla o heliconias son flores tropicales nativas de la Am\u00e9rica Tropical (Sudam\u00e9rica y Centroam\u00e9rica). El g\u00e9nero Heliconia presenta de 225 a 250 especies, la especie\u2026","protected":false},"author":1,"featured_media":0,"parent":76,"menu_order":0,"comment_status":"closed","ping_status":"closed","template":"page-templates\/template-sinatra-fullwidth.php","meta":{"footnotes":""},"class_list":["post-451","page","type-page","status-publish","hentry"],"yoast_head":"<!-- This site is optimized with the Yoast SEO plugin v26.9 - https:\/\/yoast.com\/product\/yoast-seo-wordpress\/ -->\n<title>Bijahuilla - Living Lab<\/title>\n<meta name=\"robots\" content=\"index, follow, max-snippet:-1, max-image-preview:large, max-video-preview:-1\" \/>\n<link rel=\"canonical\" href=\"https:\/\/livinglab.younglivingacademy.edu.ec\/en\/especies-de-bosque-seco\/bijahuilla\/\" \/>\n<meta property=\"og:locale\" content=\"en_US\" \/>\n<meta property=\"og:type\" content=\"article\" \/>\n<meta property=\"og:title\" content=\"Bijahuilla - Living Lab\" \/>\n<meta property=\"og:url\" content=\"https:\/\/livinglab.younglivingacademy.edu.ec\/en\/especies-de-bosque-seco\/bijahuilla\/\" \/>\n<meta property=\"og:site_name\" content=\"Living Lab\" \/>\n<meta name=\"twitter:card\" content=\"summary_large_image\" \/>\n<meta name=\"twitter:label1\" content=\"Est. reading time\" \/>\n\t<meta name=\"twitter:data1\" content=\"1 minute\" \/>\n<script type=\"application\/ld+json\" class=\"yoast-schema-graph\">{\"@context\":\"https:\/\/schema.org\",\"@graph\":[{\"@type\":\"WebPage\",\"@id\":\"https:\/\/livinglab.younglivingacademy.edu.ec\/especies-de-bosque-seco\/bijahuilla\/\",\"url\":\"https:\/\/livinglab.younglivingacademy.edu.ec\/especies-de-bosque-seco\/bijahuilla\/\",\"name\":\"Bijahuilla - Living Lab\",\"isPartOf\":{\"@id\":\"https:\/\/livinglab.younglivingacademy.edu.ec\/#website\"},\"datePublished\":\"2023-10-11T14:07:36+00:00\",\"breadcrumb\":{\"@id\":\"https:\/\/livinglab.younglivingacademy.edu.ec\/especies-de-bosque-seco\/bijahuilla\/#breadcrumb\"},\"inLanguage\":\"en-US\",\"potentialAction\":[{\"@type\":\"ReadAction\",\"target\":[\"https:\/\/livinglab.younglivingacademy.edu.ec\/especies-de-bosque-seco\/bijahuilla\/\"]}]},{\"@type\":\"BreadcrumbList\",\"@id\":\"https:\/\/livinglab.younglivingacademy.edu.ec\/especies-de-bosque-seco\/bijahuilla\/#breadcrumb\",\"itemListElement\":[{\"@type\":\"ListItem\",\"position\":1,\"name\":\"Home\",\"item\":\"https:\/\/livinglab.younglivingacademy.edu.ec\/\"},{\"@type\":\"ListItem\",\"position\":2,\"name\":\"Especies de Bosque Seco\",\"item\":\"https:\/\/livinglab.younglivingacademy.edu.ec\/especies-de-bosque-seco\/\"},{\"@type\":\"ListItem\",\"position\":3,\"name\":\"Bijahuilla\"}]},{\"@type\":\"WebSite\",\"@id\":\"https:\/\/livinglab.younglivingacademy.edu.ec\/#website\",\"url\":\"https:\/\/livinglab.younglivingacademy.edu.ec\/\",\"name\":\"Living Lab\",\"description\":\"Living Lab Young Living Academy\",\"publisher\":{\"@id\":\"https:\/\/livinglab.younglivingacademy.edu.ec\/#organization\"},\"potentialAction\":[{\"@type\":\"SearchAction\",\"target\":{\"@type\":\"EntryPoint\",\"urlTemplate\":\"https:\/\/livinglab.younglivingacademy.edu.ec\/?s={search_term_string}\"},\"query-input\":{\"@type\":\"PropertyValueSpecification\",\"valueRequired\":true,\"valueName\":\"search_term_string\"}}],\"inLanguage\":\"en-US\"},{\"@type\":\"Organization\",\"@id\":\"https:\/\/livinglab.younglivingacademy.edu.ec\/#organization\",\"name\":\"Living Lab\",\"url\":\"https:\/\/livinglab.younglivingacademy.edu.ec\/\",\"logo\":{\"@type\":\"ImageObject\",\"inLanguage\":\"en-US\",\"@id\":\"https:\/\/livinglab.younglivingacademy.edu.ec\/#\/schema\/logo\/image\/\",\"url\":\"https:\/\/livinglab.younglivingacademy.edu.ec\/wp-content\/uploads\/2021\/10\/YLA-logoblack.png\",\"contentUrl\":\"https:\/\/livinglab.younglivingacademy.edu.ec\/wp-content\/uploads\/2021\/10\/YLA-logoblack.png\",\"width\":712,\"height\":268,\"caption\":\"Living Lab\"},\"image\":{\"@id\":\"https:\/\/livinglab.younglivingacademy.edu.ec\/#\/schema\/logo\/image\/\"}}]}<\/script>\n<!-- \/ Yoast SEO plugin. -->","yoast_head_json":{"title":"Bijahuilla - Living Lab","robots":{"index":"index","follow":"follow","max-snippet":"max-snippet:-1","max-image-preview":"max-image-preview:large","max-video-preview":"max-video-preview:-1"},"canonical":"https:\/\/livinglab.younglivingacademy.edu.ec\/en\/especies-de-bosque-seco\/bijahuilla\/","og_locale":"en_US","og_type":"article","og_title":"Bijahuilla - Living Lab","og_url":"https:\/\/livinglab.younglivingacademy.edu.ec\/en\/especies-de-bosque-seco\/bijahuilla\/","og_site_name":"Living Lab","twitter_card":"summary_large_image","twitter_misc":{"Est. reading time":"1 minute"},"schema":{"@context":"https:\/\/schema.org","@graph":[{"@type":"WebPage","@id":"https:\/\/livinglab.younglivingacademy.edu.ec\/especies-de-bosque-seco\/bijahuilla\/","url":"https:\/\/livinglab.younglivingacademy.edu.ec\/especies-de-bosque-seco\/bijahuilla\/","name":"Bijahuilla - Living Lab","isPartOf":{"@id":"https:\/\/livinglab.younglivingacademy.edu.ec\/#website"},"datePublished":"2023-10-11T14:07:36+00:00","breadcrumb":{"@id":"https:\/\/livinglab.younglivingacademy.edu.ec\/especies-de-bosque-seco\/bijahuilla\/#breadcrumb"},"inLanguage":"en-US","potentialAction":[{"@type":"ReadAction","target":["https:\/\/livinglab.younglivingacademy.edu.ec\/especies-de-bosque-seco\/bijahuilla\/"]}]},{"@type":"BreadcrumbList","@id":"https:\/\/livinglab.younglivingacademy.edu.ec\/especies-de-bosque-seco\/bijahuilla\/#breadcrumb","itemListElement":[{"@type":"ListItem","position":1,"name":"Home","item":"https:\/\/livinglab.younglivingacademy.edu.ec\/"},{"@type":"ListItem","position":2,"name":"Especies de Bosque Seco","item":"https:\/\/livinglab.younglivingacademy.edu.ec\/especies-de-bosque-seco\/"},{"@type":"ListItem","position":3,"name":"Bijahuilla"}]},{"@type":"WebSite","@id":"https:\/\/livinglab.younglivingacademy.edu.ec\/#website","url":"https:\/\/livinglab.younglivingacademy.edu.ec\/","name":"Living Lab","description":"Living Lab Young Living Academy","publisher":{"@id":"https:\/\/livinglab.younglivingacademy.edu.ec\/#organization"},"potentialAction":[{"@type":"SearchAction","target":{"@type":"EntryPoint","urlTemplate":"https:\/\/livinglab.younglivingacademy.edu.ec\/?s={search_term_string}"},"query-input":{"@type":"PropertyValueSpecification","valueRequired":true,"valueName":"search_term_string"}}],"inLanguage":"en-US"},{"@type":"Organization","@id":"https:\/\/livinglab.younglivingacademy.edu.ec\/#organization","name":"Living Lab","url":"https:\/\/livinglab.younglivingacademy.edu.ec\/","logo":{"@type":"ImageObject","inLanguage":"en-US","@id":"https:\/\/livinglab.younglivingacademy.edu.ec\/#\/schema\/logo\/image\/","url":"https:\/\/livinglab.younglivingacademy.edu.ec\/wp-content\/uploads\/2021\/10\/YLA-logoblack.png","contentUrl":"https:\/\/livinglab.younglivingacademy.edu.ec\/wp-content\/uploads\/2021\/10\/YLA-logoblack.png","width":712,"height":268,"caption":"Living Lab"},"image":{"@id":"https:\/\/livinglab.younglivingacademy.edu.ec\/#\/schema\/logo\/image\/"}}]}},"_links":{"self":[{"href":"https:\/\/livinglab.younglivingacademy.edu.ec\/en\/wp-json\/wp\/v2\/pages\/451","targetHints":{"allow":["GET"]}}],"collection":[{"href":"https:\/\/livinglab.younglivingacademy.edu.ec\/en\/wp-json\/wp\/v2\/pages"}],"about":[{"href":"https:\/\/livinglab.younglivingacademy.edu.ec\/en\/wp-json\/wp\/v2\/types\/page"}],"author":[{"embeddable":true,"href":"https:\/\/livinglab.younglivingacademy.edu.ec\/en\/wp-json\/wp\/v2\/users\/1"}],"replies":[{"embeddable":true,"href":"https:\/\/livinglab.younglivingacademy.edu.ec\/en\/wp-json\/wp\/v2\/comments?post=451"}],"version-history":[{"count":3,"href":"https:\/\/livinglab.younglivingacademy.edu.ec\/en\/wp-json\/wp\/v2\/pages\/451\/revisions"}],"predecessor-version":[{"id":455,"href":"https:\/\/livinglab.younglivingacademy.edu.ec\/en\/wp-json\/wp\/v2\/pages\/451\/revisions\/455"}],"up":[{"embeddable":true,"href":"https:\/\/livinglab.younglivingacademy.edu.ec\/en\/wp-json\/wp\/v2\/pages\/76"}],"wp:attachment":[{"href":"https:\/\/livinglab.younglivingacademy.edu.ec\/en\/wp-json\/wp\/v2\/media?parent=451"}],"curies":[{"name":"wp","href":"https:\/\/api.w.org\/{rel}","templated":true}]}}